{"id":3930,"date":"2022-03-17T14:17:17","date_gmt":"2022-03-17T14:17:17","guid":{"rendered":"https:\/\/www.rocketbot.com\/?page_id=3930"},"modified":"2022-03-17T14:21:08","modified_gmt":"2022-03-17T14:21:08","slug":"contacto-advancedfactories","status":"publish","type":"page","link":"https:\/\/rpa.rocketbot.com\/en\/contacto-advancedfactories\/","title":{"rendered":"Contacto advancedfactories Barcelona"},"content":{"rendered":"<div data-elementor-type=\"wp-page\" data-elementor-id=\"3930\" class=\"elementor elementor-3930\">\n\t\t\t\t\t\t\t\t\t<section class=\"elementor-section elementor-top-section elementor-element elementor-element-9162131 elementor-section-boxed elementor-section-height-default elementor-section-height-default\" data-id=\"9162131\" data-element_type=\"section\" data-settings=\"{&quot;background_background&quot;:&quot;classic&quot;}\">\n\t\t\t\t\t\t<div class=\"elementor-container elementor-column-gap-default\">\n\t\t\t\t\t<div class=\"elementor-column elementor-col-100 elementor-top-column elementor-element elementor-element-dbc2c35\" data-id=\"dbc2c35\" data-element_type=\"column\">\n\t\t\t<div class=\"elementor-widget-wrap elementor-element-populated\">\n\t\t\t\t\t\t\t\t<div class=\"elementor-element elementor-element-1810baa elementor-widget elementor-widget-image\" data-id=\"1810baa\" data-element_type=\"widget\" data-widget_type=\"image.default\">\n\t\t\t\t<div class=\"elementor-widget-container\">\n\t\t\t<style>\/*! elementor - v3.6.4 - 13-04-2022 *\/\n.elementor-widget-image{text-align:center}.elementor-widget-image a{display:inline-block}.elementor-widget-image a img[src$=\".svg\"]{width:48px}.elementor-widget-image img{vertical-align:middle;display:inline-block}<\/style>\t\t\t\t\t\t\t\t\t\t\t\t<img src=\"https:\/\/statick-rocket-web.s3.us-east-1.amazonaws.com\/assets\/logos\/rocketbot-white-x2.png\" title=\"\" alt=\"\" \/>\t\t\t\t\t\t\t\t\t\t\t\t\t\t\t<\/div>\n\t\t\t\t<\/div>\n\t\t\t\t\t<\/div>\n\t\t<\/div>\n\t\t\t\t\t\t\t<\/div>\n\t\t<\/section>\n\t\t\t\t<section class=\"elementor-section elementor-top-section elementor-element elementor-element-6894737 elementor-section-height-min-height elementor-section-boxed elementor-section-height-default elementor-section-items-middle\" data-id=\"6894737\" data-element_type=\"section\" data-settings=\"{&quot;background_background&quot;:&quot;classic&quot;}\">\n\t\t\t\t\t\t\t<div class=\"elementor-background-overlay\"><\/div>\n\t\t\t\t\t\t\t<div class=\"elementor-container elementor-column-gap-default\">\n\t\t\t\t\t<div class=\"elementor-column elementor-col-100 elementor-top-column elementor-element elementor-element-be50c6e\" data-id=\"be50c6e\" data-element_type=\"column\">\n\t\t\t<div class=\"elementor-widget-wrap elementor-element-populated\">\n\t\t\t\t\t\t\t\t<section class=\"elementor-section elementor-inner-section elementor-element elementor-element-a6b487c elementor-section-boxed elementor-section-height-default elementor-section-height-default\" data-id=\"a6b487c\" data-element_type=\"section\">\n\t\t\t\t\t\t<div class=\"elementor-container elementor-column-gap-default\">\n\t\t\t\t\t<div class=\"elementor-column elementor-col-100 elementor-inner-column elementor-element elementor-element-fd50fbc\" data-id=\"fd50fbc\" data-element_type=\"column\">\n\t\t\t<div class=\"elementor-widget-wrap elementor-element-populated\">\n\t\t\t\t\t\t\t\t<div class=\"elementor-element elementor-element-c1c788c elementor-widget elementor-widget-heading\" data-id=\"c1c788c\" data-element_type=\"widget\" data-widget_type=\"heading.default\">\n\t\t\t\t<div class=\"elementor-widget-container\">\n\t\t\t<style>\/*! elementor - v3.6.4 - 13-04-2022 *\/\n.elementor-heading-title{padding:0;margin:0;line-height:1}.elementor-widget-heading .elementor-heading-title[class*=elementor-size-]>a{color:inherit;font-size:inherit;line-height:inherit}.elementor-widget-heading .elementor-heading-title.elementor-size-small{font-size:15px}.elementor-widget-heading .elementor-heading-title.elementor-size-medium{font-size:19px}.elementor-widget-heading .elementor-heading-title.elementor-size-large{font-size:29px}.elementor-widget-heading .elementor-heading-title.elementor-size-xl{font-size:39px}.elementor-widget-heading .elementor-heading-title.elementor-size-xxl{font-size:59px}<\/style><h2 class=\"elementor-heading-title elementor-size-default\">Gracias por tu inter\u00e9s<\/h2>\t\t<\/div>\n\t\t\t\t<\/div>\n\t\t\t\t<div class=\"elementor-element elementor-element-36f98f8 elementor-widget elementor-widget-heading\" data-id=\"36f98f8\" data-element_type=\"widget\" data-widget_type=\"heading.default\">\n\t\t\t\t<div class=\"elementor-widget-container\">\n\t\t\t<h2 class=\"elementor-heading-title elementor-size-default\">Completa el formulario para brindarte la mejor atenci\u00f3n<\/h2>\t\t<\/div>\n\t\t\t\t<\/div>\n\t\t\t\t\t<\/div>\n\t\t<\/div>\n\t\t\t\t\t\t\t<\/div>\n\t\t<\/section>\n\t\t\t\t\t<\/div>\n\t\t<\/div>\n\t\t\t\t\t\t\t<\/div>\n\t\t<\/section>\n\t\t\t\t<section class=\"elementor-section elementor-top-section elementor-element elementor-element-0278808 elementor-section-boxed elementor-section-height-default elementor-section-height-default\" data-id=\"0278808\" data-element_type=\"section\" data-settings=\"{&quot;background_background&quot;:&quot;classic&quot;}\">\n\t\t\t\t\t\t<div class=\"elementor-container elementor-column-gap-extended\">\n\t\t\t\t\t<div class=\"elementor-column elementor-col-100 elementor-top-column elementor-element elementor-element-ebf52a6 ancho-800\" data-id=\"ebf52a6\" data-element_type=\"column\">\n\t\t\t<div class=\"elementor-widget-wrap elementor-element-populated\">\n\t\t\t\t\t\t\t\t<div class=\"elementor-element elementor-element-2fabfa4 elementor-widget elementor-widget-elementskit-contact-form7\" data-id=\"2fabfa4\" data-element_type=\"widget\" data-widget_type=\"elementskit-contact-form7.default\">\n\t\t\t\t<div class=\"elementor-widget-container\">\n\t\t\t<style>.elementor-element-2fabfa4{display:none !important}<\/style>\t\t<\/div>\n\t\t\t\t<\/div>\n\t\t\t\t\t<\/div>\n\t\t<\/div>\n\t\t\t\t\t\t\t<\/div>\n\t\t<\/section>\n\t\t\t\t<section class=\"elementor-section elementor-top-section elementor-element elementor-element-8de6d33 elementor-section-boxed elementor-section-height-default elementor-section-height-default\" data-id=\"8de6d33\" data-element_type=\"section\" data-settings=\"{&quot;background_background&quot;:&quot;classic&quot;}\">\n\t\t\t\t\t\t<div class=\"elementor-container elementor-column-gap-default\">\n\t\t\t\t\t<div class=\"elementor-column elementor-col-33 elementor-top-column elementor-element elementor-element-1f240d3\" data-id=\"1f240d3\" data-element_type=\"column\">\n\t\t\t<div class=\"elementor-widget-wrap elementor-element-populated\">\n\t\t\t\t\t\t\t\t<div class=\"elementor-element elementor-element-4fadb1b elementor-widget elementor-widget-theme-site-logo elementor-widget-image\" data-id=\"4fadb1b\" data-element_type=\"widget\" data-widget_type=\"theme-site-logo.default\">\n\t\t\t\t<div class=\"elementor-widget-container\">\n\t\t\t\t\t\t\t\t\t\t\t\t\t\t\t\t<a href=\"https:\/\/rpa.rocketbot.com\/en\">\n\t\t\t\t\t\t\t<img width=\"936\" height=\"119\" src=\"https:\/\/rpa.rocketbot.com\/wp-content\/uploads\/2023\/04\/cropped-RocketbotNuevo_02.png\" class=\"attachment-full size-full\" alt=\"\" loading=\"lazy\" srcset=\"https:\/\/rpa.rocketbot.com\/wp-content\/uploads\/2023\/04\/cropped-RocketbotNuevo_02.png 936w, https:\/\/rpa.rocketbot.com\/wp-content\/uploads\/2023\/04\/cropped-RocketbotNuevo_02-300x38.png 300w, https:\/\/rpa.rocketbot.com\/wp-content\/uploads\/2023\/04\/cropped-RocketbotNuevo_02-768x98.png 768w, https:\/\/rpa.rocketbot.com\/wp-content\/uploads\/2023\/04\/cropped-RocketbotNuevo_02-18x2.png 18w\" sizes=\"(max-width: 936px) 100vw, 936px\" \/>\t\t\t\t\t\t\t\t<\/a>\n\t\t\t\t\t\t\t\t\t\t\t\t\t\t\t<\/div>\n\t\t\t\t<\/div>\n\t\t\t\t\t<\/div>\n\t\t<\/div>\n\t\t\t\t<div class=\"elementor-column elementor-col-33 elementor-top-column elementor-element elementor-element-e5b3436\" data-id=\"e5b3436\" data-element_type=\"column\">\n\t\t\t<div class=\"elementor-widget-wrap elementor-element-populated\">\n\t\t\t\t\t\t\t\t<div class=\"elementor-element elementor-element-0f1b474 elementor-shape-circle e-grid-align-tablet-right e-grid-align-mobile-center elementor-grid-0 e-grid-align-center elementor-widget elementor-widget-social-icons\" data-id=\"0f1b474\" data-element_type=\"widget\" data-widget_type=\"social-icons.default\">\n\t\t\t\t<div class=\"elementor-widget-container\">\n\t\t\t<style>\/*! elementor - v3.6.4 - 13-04-2022 *\/\n.elementor-widget-social-icons.elementor-grid-0 .elementor-widget-container,.elementor-widget-social-icons.elementor-grid-mobile-0 .elementor-widget-container,.elementor-widget-social-icons.elementor-grid-tablet-0 .elementor-widget-container{line-height:1;font-size:0}.elementor-widget-social-icons:not(.elementor-grid-0):not(.elementor-grid-tablet-0):not(.elementor-grid-mobile-0) .elementor-grid{display:inline-grid}.elementor-widget-social-icons .elementor-grid{grid-column-gap:var(--grid-column-gap,5px);grid-row-gap:var(--grid-row-gap,5px);grid-template-columns:var(--grid-template-columns);-webkit-box-pack:var(--justify-content,center);-ms-flex-pack:var(--justify-content,center);justify-content:var(--justify-content,center);justify-items:var(--justify-content,center)}.elementor-icon.elementor-social-icon{font-size:var(--icon-size,25px);line-height:var(--icon-size,25px);width:calc(var(--icon-size, 25px) + (2 * var(--icon-padding, .5em)));height:calc(var(--icon-size, 25px) + (2 * var(--icon-padding, .5em)))}.elementor-social-icon{--e-social-icon-icon-color:#fff;display:-webkit-inline-box;display:-ms-inline-flexbox;display:inline-flex;background-color:#818a91;-webkit-box-align:center;-ms-flex-align:center;align-items:center;-webkit-box-pack:center;-ms-flex-pack:center;justify-content:center;text-align:center;cursor:pointer}.elementor-social-icon i{color:var(--e-social-icon-icon-color)}.elementor-social-icon svg{fill:var(--e-social-icon-icon-color)}.elementor-social-icon:last-child{margin:0}.elementor-social-icon:hover{opacity:.9;color:#fff}.elementor-social-icon-android{background-color:#a4c639}.elementor-social-icon-apple{background-color:#999}.elementor-social-icon-behance{background-color:#1769ff}.elementor-social-icon-bitbucket{background-color:#205081}.elementor-social-icon-codepen{background-color:#000}.elementor-social-icon-delicious{background-color:#39f}.elementor-social-icon-deviantart{background-color:#05cc47}.elementor-social-icon-digg{background-color:#005be2}.elementor-social-icon-dribbble{background-color:#ea4c89}.elementor-social-icon-elementor{background-color:#d30c5c}.elementor-social-icon-envelope{background-color:#ea4335}.elementor-social-icon-facebook,.elementor-social-icon-facebook-f{background-color:#3b5998}.elementor-social-icon-flickr{background-color:#0063dc}.elementor-social-icon-foursquare{background-color:#2d5be3}.elementor-social-icon-free-code-camp,.elementor-social-icon-freecodecamp{background-color:#006400}.elementor-social-icon-github{background-color:#333}.elementor-social-icon-gitlab{background-color:#e24329}.elementor-social-icon-globe{background-color:#818a91}.elementor-social-icon-google-plus,.elementor-social-icon-google-plus-g{background-color:#dd4b39}.elementor-social-icon-houzz{background-color:#7ac142}.elementor-social-icon-instagram{background-color:#262626}.elementor-social-icon-jsfiddle{background-color:#487aa2}.elementor-social-icon-link{background-color:#818a91}.elementor-social-icon-linkedin,.elementor-social-icon-linkedin-in{background-color:#0077b5}.elementor-social-icon-medium{background-color:#00ab6b}.elementor-social-icon-meetup{background-color:#ec1c40}.elementor-social-icon-mixcloud{background-color:#273a4b}.elementor-social-icon-odnoklassniki{background-color:#f4731c}.elementor-social-icon-pinterest{background-color:#bd081c}.elementor-social-icon-product-hunt{background-color:#da552f}.elementor-social-icon-reddit{background-color:#ff4500}.elementor-social-icon-rss{background-color:#f26522}.elementor-social-icon-shopping-cart{background-color:#4caf50}.elementor-social-icon-skype{background-color:#00aff0}.elementor-social-icon-slideshare{background-color:#0077b5}.elementor-social-icon-snapchat{background-color:#fffc00}.elementor-social-icon-soundcloud{background-color:#f80}.elementor-social-icon-spotify{background-color:#2ebd59}.elementor-social-icon-stack-overflow{background-color:#fe7a15}.elementor-social-icon-steam{background-color:#00adee}.elementor-social-icon-stumbleupon{background-color:#eb4924}.elementor-social-icon-telegram{background-color:#2ca5e0}.elementor-social-icon-thumb-tack{background-color:#1aa1d8}.elementor-social-icon-tripadvisor{background-color:#589442}.elementor-social-icon-tumblr{background-color:#35465c}.elementor-social-icon-twitch{background-color:#6441a5}.elementor-social-icon-twitter{background-color:#1da1f2}.elementor-social-icon-viber{background-color:#665cac}.elementor-social-icon-vimeo{background-color:#1ab7ea}.elementor-social-icon-vk{background-color:#45668e}.elementor-social-icon-weibo{background-color:#dd2430}.elementor-social-icon-weixin{background-color:#31a918}.elementor-social-icon-whatsapp{background-color:#25d366}.elementor-social-icon-wordpress{background-color:#21759b}.elementor-social-icon-xing{background-color:#026466}.elementor-social-icon-yelp{background-color:#af0606}.elementor-social-icon-youtube{background-color:#cd201f}.elementor-social-icon-500px{background-color:#0099e5}.elementor-shape-rounded .elementor-icon.elementor-social-icon{border-radius:10%}.elementor-shape-circle .elementor-icon.elementor-social-icon{border-radius:50%}<\/style>\t\t<div class=\"elementor-social-icons-wrapper elementor-grid\">\n\t\t\t\t\t\t\t<span class=\"elementor-grid-item\">\n\t\t\t\t\t<a class=\"elementor-icon elementor-social-icon elementor-social-icon-facebook elementor-repeater-item-2206373\" href=\"https:\/\/www.facebook.com\/rocketbotacademy?_rdc=1&#038;_rdr\" target=\"_blank\">\n\t\t\t\t\t\t<span class=\"elementor-screen-only\">Facebook<\/span>\n\t\t\t\t\t\t<i class=\"fab fa-facebook\"><\/i>\t\t\t\t\t<\/a>\n\t\t\t\t<\/span>\n\t\t\t\t\t\t\t<span class=\"elementor-grid-item\">\n\t\t\t\t\t<a class=\"elementor-icon elementor-social-icon elementor-social-icon-twitter elementor-repeater-item-fe8c190\" href=\"https:\/\/twitter.com\/Rocketbot_es\" target=\"_blank\">\n\t\t\t\t\t\t<span class=\"elementor-screen-only\">Twitter<\/span>\n\t\t\t\t\t\t<i class=\"fab fa-twitter\"><\/i>\t\t\t\t\t<\/a>\n\t\t\t\t<\/span>\n\t\t\t\t\t\t\t<span class=\"elementor-grid-item\">\n\t\t\t\t\t<a class=\"elementor-icon elementor-social-icon elementor-social-icon-youtube elementor-repeater-item-51e8531\" href=\"https:\/\/www.youtube.com\/channel\/UCAOQLQIYdjPXmcsfMzwrSbg\" target=\"_blank\">\n\t\t\t\t\t\t<span class=\"elementor-screen-only\">Youtube<\/span>\n\t\t\t\t\t\t<i class=\"fab fa-youtube\"><\/i>\t\t\t\t\t<\/a>\n\t\t\t\t<\/span>\n\t\t\t\t\t\t\t<span class=\"elementor-grid-item\">\n\t\t\t\t\t<a class=\"elementor-icon elementor-social-icon elementor-social-icon-linkedin elementor-repeater-item-3720572\" href=\"https:\/\/www.linkedin.com\/company\/rocketrobot\" target=\"_blank\">\n\t\t\t\t\t\t<span class=\"elementor-screen-only\">Linkedin<\/span>\n\t\t\t\t\t\t<i class=\"fab fa-linkedin\"><\/i>\t\t\t\t\t<\/a>\n\t\t\t\t<\/span>\n\t\t\t\t\t\t\t<span class=\"elementor-grid-item\">\n\t\t\t\t\t<a class=\"elementor-icon elementor-social-icon elementor-social-icon-instagram elementor-repeater-item-1047c70\" href=\"https:\/\/www.instagram.com\/rocketbot_ES\/\" target=\"_blank\">\n\t\t\t\t\t\t<span class=\"elementor-screen-only\">Instagram<\/span>\n\t\t\t\t\t\t<i class=\"fab fa-instagram\"><\/i>\t\t\t\t\t<\/a>\n\t\t\t\t<\/span>\n\t\t\t\t\t<\/div>\n\t\t\t\t<\/div>\n\t\t\t\t<\/div>\n\t\t\t\t\t<\/div>\n\t\t<\/div>\n\t\t\t\t<div class=\"elementor-column elementor-col-33 elementor-top-column elementor-element elementor-element-c3d89f3\" data-id=\"c3d89f3\" data-element_type=\"column\">\n\t\t\t<div class=\"elementor-widget-wrap elementor-element-populated\">\n\t\t\t\t\t\t\t\t<div class=\"elementor-element elementor-element-7ac51c8 elementor-widget elementor-widget-heading\" data-id=\"7ac51c8\" data-element_type=\"widget\" data-widget_type=\"heading.default\">\n\t\t\t\t<div class=\"elementor-widget-container\">\n\t\t\t<h2 class=\"elementor-heading-title elementor-size-default\">\u00a9 Rocketbot SpA | All rights reserved 2018 \u2013 2022<\/h2>\t\t<\/div>\n\t\t\t\t<\/div>\n\t\t\t\t\t<\/div>\n\t\t<\/div>\n\t\t\t\t\t\t\t<\/div>\n\t\t<\/section>\n\t\t\t\t\t\t\t<\/div>","protected":false},"excerpt":{"rendered":"<p>Gracias por tu inter\u00e9s Completa el formulario para brindarte la mejor atenci\u00f3n Nombre Apellido Empresa Cargo Industria &#8212;Banco y finanzasSeguros Tel\u00e9fono Email He le\u00eddo y acepto las pol\u00edticas de privacidad Me gustar\u00eda recibir informaci\u00f3n sobre Rocketbot como noticias sobre productos, servicios, eventos y promociones Rocketbot se compromete a proteger los datos personales, que estos no [&hellip;]<\/p>","protected":false},"author":3,"featured_media":0,"parent":0,"menu_order":0,"comment_status":"closed","ping_status":"closed","template":"","meta":[],"yoast_head":"<!-- This site is optimized with the Yoast SEO Premium plugin v18.2.1 (Yoast SEO v18.4.1) - https:\/\/yoast.com\/wordpress\/plugins\/seo\/ -->\n<title>Contacto advancedfactories Barcelona - Rocketbot<\/title>\n<meta name=\"robots\" content=\"index, follow, max-snippet:-1, max-image-preview:large, max-video-preview:-1\" \/>\n<link rel=\"canonical\" href=\"https:\/\/rpa.rocketbot.com\/en\/contacto-advancedfactories\/\" \/>\n<meta property=\"og:locale\" content=\"en_US\" \/>\n<meta property=\"og:type\" content=\"article\" \/>\n<meta property=\"og:title\" content=\"Contacto advancedfactories Barcelona\" \/>\n<meta property=\"og:description\" content=\"Gracias por tu inter\u00e9s Completa el formulario para brindarte la mejor atenci\u00f3n Nombre Apellido Empresa Cargo Industria &#8212;Banco y finanzasSeguros Tel\u00e9fono Email He le\u00eddo y acepto las pol\u00edticas de privacidad Me gustar\u00eda recibir informaci\u00f3n sobre Rocketbot como noticias sobre productos, servicios, eventos y promociones Rocketbot se compromete a proteger los datos personales, que estos no [&hellip;]\" \/>\n<meta property=\"og:url\" content=\"https:\/\/rpa.rocketbot.com\/en\/contacto-advancedfactories\/\" \/>\n<meta property=\"og:site_name\" content=\"Rocketbot\" \/>\n<meta property=\"article:modified_time\" content=\"2022-03-17T14:21:08+00:00\" \/>\n<meta property=\"og:image\" content=\"https:\/\/statick-rocket-web.s3.us-east-1.amazonaws.com\/assets\/logos\/rocketbot-white-x2.png\" \/>\n<meta name=\"twitter:card\" content=\"summary_large_image\" \/>\n<meta name=\"twitter:label1\" content=\"Est. reading time\" \/>\n\t<meta name=\"twitter:data1\" content=\"1 minute\" \/>\n<script type=\"application\/ld+json\" class=\"yoast-schema-graph\">{\"@context\":\"https:\/\/schema.org\",\"@graph\":[{\"@type\":\"WebSite\",\"@id\":\"https:\/\/rpa.rocketbot.com\/#website\",\"url\":\"https:\/\/rpa.rocketbot.com\/\",\"name\":\"Rocketbot\",\"description\":\"\",\"potentialAction\":[{\"@type\":\"SearchAction\",\"target\":{\"@type\":\"EntryPoint\",\"urlTemplate\":\"https:\/\/rpa.rocketbot.com\/?s={search_term_string}\"},\"query-input\":\"required name=search_term_string\"}],\"inLanguage\":\"en-US\"},{\"@type\":\"ImageObject\",\"@id\":\"https:\/\/rpa.rocketbot.com\/contacto-advancedfactories\/#primaryimage\",\"inLanguage\":\"en-US\",\"url\":\"https:\/\/statick-rocket-web.s3.us-east-1.amazonaws.com\/assets\/logos\/rocketbot-white-x2.png\",\"contentUrl\":\"https:\/\/statick-rocket-web.s3.us-east-1.amazonaws.com\/assets\/logos\/rocketbot-white-x2.png\"},{\"@type\":\"WebPage\",\"@id\":\"https:\/\/rpa.rocketbot.com\/contacto-advancedfactories\/#webpage\",\"url\":\"https:\/\/rpa.rocketbot.com\/contacto-advancedfactories\/\",\"name\":\"Contacto advancedfactories Barcelona - Rocketbot\",\"isPartOf\":{\"@id\":\"https:\/\/rpa.rocketbot.com\/#website\"},\"primaryImageOfPage\":{\"@id\":\"https:\/\/rpa.rocketbot.com\/contacto-advancedfactories\/#primaryimage\"},\"datePublished\":\"2022-03-17T14:17:17+00:00\",\"dateModified\":\"2022-03-17T14:21:08+00:00\",\"breadcrumb\":{\"@id\":\"https:\/\/rpa.rocketbot.com\/contacto-advancedfactories\/#breadcrumb\"},\"inLanguage\":\"en-US\",\"potentialAction\":[{\"@type\":\"ReadAction\",\"target\":[\"https:\/\/rpa.rocketbot.com\/contacto-advancedfactories\/\"]}]},{\"@type\":\"BreadcrumbList\",\"@id\":\"https:\/\/rpa.rocketbot.com\/contacto-advancedfactories\/#breadcrumb\",\"itemListElement\":[{\"@type\":\"ListItem\",\"position\":1,\"name\":\"Home\",\"item\":\"https:\/\/rpa.rocketbot.com\/\"},{\"@type\":\"ListItem\",\"position\":2,\"name\":\"Contacto advancedfactories Barcelona\"}]}]}<\/script>\n<!-- \/ Yoast SEO Premium plugin. -->","yoast_head_json":{"title":"Contacto advancedfactories Barcelona - Rocketbot","robots":{"index":"index","follow":"follow","max-snippet":"max-snippet:-1","max-image-preview":"max-image-preview:large","max-video-preview":"max-video-preview:-1"},"canonical":"https:\/\/rpa.rocketbot.com\/en\/contacto-advancedfactories\/","og_locale":"en_US","og_type":"article","og_title":"Contacto advancedfactories Barcelona","og_description":"Gracias por tu inter\u00e9s Completa el formulario para brindarte la mejor atenci\u00f3n Nombre Apellido Empresa Cargo Industria &#8212;Banco y finanzasSeguros Tel\u00e9fono Email He le\u00eddo y acepto las pol\u00edticas de privacidad Me gustar\u00eda recibir informaci\u00f3n sobre Rocketbot como noticias sobre productos, servicios, eventos y promociones Rocketbot se compromete a proteger los datos personales, que estos no [&hellip;]","og_url":"https:\/\/rpa.rocketbot.com\/en\/contacto-advancedfactories\/","og_site_name":"Rocketbot","article_modified_time":"2022-03-17T14:21:08+00:00","og_image":[{"url":"https:\/\/statick-rocket-web.s3.us-east-1.amazonaws.com\/assets\/logos\/rocketbot-white-x2.png"}],"twitter_card":"summary_large_image","twitter_misc":{"Est. reading time":"1 minute"},"schema":{"@context":"https:\/\/schema.org","@graph":[{"@type":"WebSite","@id":"https:\/\/rpa.rocketbot.com\/#website","url":"https:\/\/rpa.rocketbot.com\/","name":"Rocketbot","description":"","potentialAction":[{"@type":"SearchAction","target":{"@type":"EntryPoint","urlTemplate":"https:\/\/rpa.rocketbot.com\/?s={search_term_string}"},"query-input":"required name=search_term_string"}],"inLanguage":"en-US"},{"@type":"ImageObject","@id":"https:\/\/rpa.rocketbot.com\/contacto-advancedfactories\/#primaryimage","inLanguage":"en-US","url":"https:\/\/statick-rocket-web.s3.us-east-1.amazonaws.com\/assets\/logos\/rocketbot-white-x2.png","contentUrl":"https:\/\/statick-rocket-web.s3.us-east-1.amazonaws.com\/assets\/logos\/rocketbot-white-x2.png"},{"@type":"WebPage","@id":"https:\/\/rpa.rocketbot.com\/contacto-advancedfactories\/#webpage","url":"https:\/\/rpa.rocketbot.com\/contacto-advancedfactories\/","name":"Contacto advancedfactories Barcelona - Rocketbot","isPartOf":{"@id":"https:\/\/rpa.rocketbot.com\/#website"},"primaryImageOfPage":{"@id":"https:\/\/rpa.rocketbot.com\/contacto-advancedfactories\/#primaryimage"},"datePublished":"2022-03-17T14:17:17+00:00","dateModified":"2022-03-17T14:21:08+00:00","breadcrumb":{"@id":"https:\/\/rpa.rocketbot.com\/contacto-advancedfactories\/#breadcrumb"},"inLanguage":"en-US","potentialAction":[{"@type":"ReadAction","target":["https:\/\/rpa.rocketbot.com\/contacto-advancedfactories\/"]}]},{"@type":"BreadcrumbList","@id":"https:\/\/rpa.rocketbot.com\/contacto-advancedfactories\/#breadcrumb","itemListElement":[{"@type":"ListItem","position":1,"name":"Home","item":"https:\/\/rpa.rocketbot.com\/"},{"@type":"ListItem","position":2,"name":"Contacto advancedfactories Barcelona"}]}]}},"_links":{"self":[{"href":"https:\/\/rpa.rocketbot.com\/en\/wp-json\/wp\/v2\/pages\/3930"}],"collection":[{"href":"https:\/\/rpa.rocketbot.com\/en\/wp-json\/wp\/v2\/pages"}],"about":[{"href":"https:\/\/rpa.rocketbot.com\/en\/wp-json\/wp\/v2\/types\/page"}],"author":[{"embeddable":true,"href":"https:\/\/rpa.rocketbot.com\/en\/wp-json\/wp\/v2\/users\/3"}],"replies":[{"embeddable":true,"href":"https:\/\/rpa.rocketbot.com\/en\/wp-json\/wp\/v2\/comments?post=3930"}],"version-history":[{"count":8,"href":"https:\/\/rpa.rocketbot.com\/en\/wp-json\/wp\/v2\/pages\/3930\/revisions"}],"predecessor-version":[{"id":3940,"href":"https:\/\/rpa.rocketbot.com\/en\/wp-json\/wp\/v2\/pages\/3930\/revisions\/3940"}],"wp:attachment":[{"href":"https:\/\/rpa.rocketbot.com\/en\/wp-json\/wp\/v2\/media?parent=3930"}],"curies":[{"name":"wp","href":"https:\/\/api.w.org\/{rel}","templated":true}]}}